{"id":1709,"date":"2022-02-09T16:50:29","date_gmt":"2022-02-09T15:50:29","guid":{"rendered":"https:\/\/demo.hotel-trieste.net\/?page_id=1709"},"modified":"2022-02-09T16:53:06","modified_gmt":"2022-02-09T15:53:06","slug":"tradition-romagnole","status":"publish","type":"page","link":"https:\/\/www.hotel-trieste.net\/fr\/tradition-romagnole\/","title":{"rendered":"La Bonne Tradition Romagnole"},"content":{"rendered":"<p>un voyage \u00e0 travers des saveurs et des ar\u00f4mes authentiques. Chaque plat est test\u00e9 et retest\u00e9 jusqu&#8217;\u00e0 ce que la saveur parfaite soit atteinte. Chaque jour, les producteurs et les p\u00eacheurs locaux nous fournissent leurs meilleures mati\u00e8res premi\u00e8res.<\/p>\n<h2>CUISINE &#8211; LA BONNE TRADITION ROMAGNOLE<\/h2>\n<p>Un plat est sp\u00e9cial lorsque, dans la cuisine, le chef ajoute un ingr\u00e9dient indispensable, la passion.<br \/>\nLa Romagne est une r\u00e9gion riche en traditions et en saveurs authentiques, en mati\u00e8res premi\u00e8res de qualit\u00e9 et en recettes authentiques. Ici, nous nous effor\u00e7ons d&#8217;apporter \u00e0 la table tout ce dont nous voudrions go\u00fbter si nous \u00e9tions l\u00e0, assis avec vous.<br \/>\nUn menu quotidien, du petit-d\u00e9jeuner au d\u00eener, diff\u00e9rent et riche.<br \/>\nViande et poisson, desserts maison, buffets color\u00e9s de l\u00e9gumes de saison.<br \/>\nNous cuisinons et nous nous occupons de tout avec nos mains, surtout les p\u00e2tes fra\u00eeches.<\/p>\n","protected":false},"excerpt":{"rendered":"<p>un voyage \u00e0 travers des saveurs et des ar\u00f4mes authentiques. Chaque plat est test\u00e9 et retest\u00e9 jusqu&#8217;\u00e0 ce que la saveur parfaite soit atteinte. Chaque jour, les producteurs et les p\u00eacheurs locaux nous fournissent leurs meilleures mati\u00e8res premi\u00e8res. CUISINE &#8211; LA BONNE TRADITION ROMAGNOLE Un plat est sp\u00e9cial lorsque, dans la cuisine, le chef ajoute [&hellip;]<\/p>\n","protected":false},"author":1,"featured_media":3024,"parent":0,"menu_order":0,"comment_status":"closed","ping_status":"closed","template":"","meta":{"footnotes":""},"class_list":["post-1709","page","type-page","status-publish","has-post-thumbnail","hentry"],"acf":[],"yoast_head":"<!-- This site is optimized with the Yoast SEO plugin v21.2 - https:\/\/yoast.com\/wordpress\/plugins\/seo\/ -->\n<title>La Bonne Tradition Romagnole - Hotel Trieste<\/title>\n<meta name=\"robots\" content=\"index, follow, max-snippet:-1, max-image-preview:large, max-video-preview:-1\" \/>\n<link rel=\"canonical\" href=\"https:\/\/www.hotel-trieste.net\/fr\/tradition-romagnole\/\" \/>\n<meta property=\"og:locale\" content=\"fr_FR\" \/>\n<meta property=\"og:type\" content=\"article\" \/>\n<meta property=\"og:title\" content=\"La Bonne Tradition Romagnole - Hotel Trieste\" \/>\n<meta property=\"og:description\" content=\"un voyage \u00e0 travers des saveurs et des ar\u00f4mes authentiques. Chaque plat est test\u00e9 et retest\u00e9 jusqu&#8217;\u00e0 ce que la saveur parfaite soit atteinte. Chaque jour, les producteurs et les p\u00eacheurs locaux nous fournissent leurs meilleures mati\u00e8res premi\u00e8res. CUISINE &#8211; LA BONNE TRADITION ROMAGNOLE Un plat est sp\u00e9cial lorsque, dans la cuisine, le chef ajoute [&hellip;]\" \/>\n<meta property=\"og:url\" content=\"https:\/\/www.hotel-trieste.net\/fr\/tradition-romagnole\/\" \/>\n<meta property=\"og:site_name\" content=\"Hotel Trieste\" \/>\n<meta property=\"article:modified_time\" content=\"2022-02-09T15:53:06+00:00\" \/>\n<meta property=\"og:image\" content=\"https:\/\/www.hotel-trieste.net\/wp-content\/uploads\/head-ristorante.jpg\" \/>\n\t<meta property=\"og:image:width\" content=\"1920\" \/>\n\t<meta property=\"og:image:height\" content=\"1287\" \/>\n\t<meta property=\"og:image:type\" content=\"image\/jpeg\" \/>\n<meta name=\"twitter:card\" content=\"summary_large_image\" \/>\n<meta name=\"twitter:label1\" content=\"Dur\u00e9e de lecture estim\u00e9e\" \/>\n\t<meta name=\"twitter:data1\" content=\"1 minute\" \/>\n<script type=\"application\/ld+json\" class=\"yoast-schema-graph\">{\"@context\":\"https:\/\/schema.org\",\"@graph\":[{\"@type\":\"WebPage\",\"@id\":\"https:\/\/www.hotel-trieste.net\/fr\/tradition-romagnole\/\",\"url\":\"https:\/\/www.hotel-trieste.net\/fr\/tradition-romagnole\/\",\"name\":\"La Bonne Tradition Romagnole - Hotel Trieste\",\"isPartOf\":{\"@id\":\"https:\/\/www.hotel-trieste.net\/fr\/#website\"},\"datePublished\":\"2022-02-09T15:50:29+00:00\",\"dateModified\":\"2022-02-09T15:53:06+00:00\",\"breadcrumb\":{\"@id\":\"https:\/\/www.hotel-trieste.net\/fr\/tradition-romagnole\/#breadcrumb\"},\"inLanguage\":\"fr-FR\",\"potentialAction\":[{\"@type\":\"ReadAction\",\"target\":[\"https:\/\/www.hotel-trieste.net\/fr\/tradition-romagnole\/\"]}]},{\"@type\":\"BreadcrumbList\",\"@id\":\"https:\/\/www.hotel-trieste.net\/fr\/tradition-romagnole\/#breadcrumb\",\"itemListElement\":[{\"@type\":\"ListItem\",\"position\":1,\"name\":\"Home\",\"item\":\"https:\/\/www.hotel-trieste.net\/fr\/\"},{\"@type\":\"ListItem\",\"position\":2,\"name\":\"La Bonne Tradition Romagnole\"}]},{\"@type\":\"WebSite\",\"@id\":\"https:\/\/www.hotel-trieste.net\/fr\/#website\",\"url\":\"https:\/\/www.hotel-trieste.net\/fr\/\",\"name\":\"Hotel Trieste\",\"description\":\"Family Hotel a Cesenatico\",\"publisher\":{\"@id\":\"https:\/\/www.hotel-trieste.net\/fr\/#organization\"},\"potentialAction\":[{\"@type\":\"SearchAction\",\"target\":{\"@type\":\"EntryPoint\",\"urlTemplate\":\"https:\/\/www.hotel-trieste.net\/fr\/?s={search_term_string}\"},\"query-input\":\"required name=search_term_string\"}],\"inLanguage\":\"fr-FR\"},{\"@type\":\"Organization\",\"@id\":\"https:\/\/www.hotel-trieste.net\/fr\/#organization\",\"name\":\"Hotel Trieste\",\"url\":\"https:\/\/www.hotel-trieste.net\/fr\/\",\"logo\":{\"@type\":\"ImageObject\",\"inLanguage\":\"fr-FR\",\"@id\":\"https:\/\/www.hotel-trieste.net\/fr\/#\/schema\/logo\/image\/\",\"url\":\"https:\/\/www.hotel-trieste.net\/wp-content\/uploads\/logo-trieste.png\",\"contentUrl\":\"https:\/\/www.hotel-trieste.net\/wp-content\/uploads\/logo-trieste.png\",\"width\":900,\"height\":551,\"caption\":\"Hotel Trieste\"},\"image\":{\"@id\":\"https:\/\/www.hotel-trieste.net\/fr\/#\/schema\/logo\/image\/\"}}]}<\/script>\n<!-- \/ Yoast SEO plugin. -->","yoast_head_json":{"title":"La Bonne Tradition Romagnole - Hotel Trieste","robots":{"index":"index","follow":"follow","max-snippet":"max-snippet:-1","max-image-preview":"max-image-preview:large","max-video-preview":"max-video-preview:-1"},"canonical":"https:\/\/www.hotel-trieste.net\/fr\/tradition-romagnole\/","og_locale":"fr_FR","og_type":"article","og_title":"La Bonne Tradition Romagnole - Hotel Trieste","og_description":"un voyage \u00e0 travers des saveurs et des ar\u00f4mes authentiques. Chaque plat est test\u00e9 et retest\u00e9 jusqu&#8217;\u00e0 ce que la saveur parfaite soit atteinte. Chaque jour, les producteurs et les p\u00eacheurs locaux nous fournissent leurs meilleures mati\u00e8res premi\u00e8res. CUISINE &#8211; LA BONNE TRADITION ROMAGNOLE Un plat est sp\u00e9cial lorsque, dans la cuisine, le chef ajoute [&hellip;]","og_url":"https:\/\/www.hotel-trieste.net\/fr\/tradition-romagnole\/","og_site_name":"Hotel Trieste","article_modified_time":"2022-02-09T15:53:06+00:00","og_image":[{"width":1920,"height":1287,"url":"https:\/\/www.hotel-trieste.net\/wp-content\/uploads\/head-ristorante.jpg","type":"image\/jpeg"}],"twitter_card":"summary_large_image","twitter_misc":{"Dur\u00e9e de lecture estim\u00e9e":"1 minute"},"schema":{"@context":"https:\/\/schema.org","@graph":[{"@type":"WebPage","@id":"https:\/\/www.hotel-trieste.net\/fr\/tradition-romagnole\/","url":"https:\/\/www.hotel-trieste.net\/fr\/tradition-romagnole\/","name":"La Bonne Tradition Romagnole - Hotel Trieste","isPartOf":{"@id":"https:\/\/www.hotel-trieste.net\/fr\/#website"},"datePublished":"2022-02-09T15:50:29+00:00","dateModified":"2022-02-09T15:53:06+00:00","breadcrumb":{"@id":"https:\/\/www.hotel-trieste.net\/fr\/tradition-romagnole\/#breadcrumb"},"inLanguage":"fr-FR","potentialAction":[{"@type":"ReadAction","target":["https:\/\/www.hotel-trieste.net\/fr\/tradition-romagnole\/"]}]},{"@type":"BreadcrumbList","@id":"https:\/\/www.hotel-trieste.net\/fr\/tradition-romagnole\/#breadcrumb","itemListElement":[{"@type":"ListItem","position":1,"name":"Home","item":"https:\/\/www.hotel-trieste.net\/fr\/"},{"@type":"ListItem","position":2,"name":"La Bonne Tradition Romagnole"}]},{"@type":"WebSite","@id":"https:\/\/www.hotel-trieste.net\/fr\/#website","url":"https:\/\/www.hotel-trieste.net\/fr\/","name":"Hotel Trieste","description":"Family Hotel a Cesenatico","publisher":{"@id":"https:\/\/www.hotel-trieste.net\/fr\/#organization"},"potentialAction":[{"@type":"SearchAction","target":{"@type":"EntryPoint","urlTemplate":"https:\/\/www.hotel-trieste.net\/fr\/?s={search_term_string}"},"query-input":"required name=search_term_string"}],"inLanguage":"fr-FR"},{"@type":"Organization","@id":"https:\/\/www.hotel-trieste.net\/fr\/#organization","name":"Hotel Trieste","url":"https:\/\/www.hotel-trieste.net\/fr\/","logo":{"@type":"ImageObject","inLanguage":"fr-FR","@id":"https:\/\/www.hotel-trieste.net\/fr\/#\/schema\/logo\/image\/","url":"https:\/\/www.hotel-trieste.net\/wp-content\/uploads\/logo-trieste.png","contentUrl":"https:\/\/www.hotel-trieste.net\/wp-content\/uploads\/logo-trieste.png","width":900,"height":551,"caption":"Hotel Trieste"},"image":{"@id":"https:\/\/www.hotel-trieste.net\/fr\/#\/schema\/logo\/image\/"}}]}},"_links":{"self":[{"href":"https:\/\/www.hotel-trieste.net\/fr\/wp-json\/wp\/v2\/pages\/1709","targetHints":{"allow":["GET"]}}],"collection":[{"href":"https:\/\/www.hotel-trieste.net\/fr\/wp-json\/wp\/v2\/pages"}],"about":[{"href":"https:\/\/www.hotel-trieste.net\/fr\/wp-json\/wp\/v2\/types\/page"}],"author":[{"embeddable":true,"href":"https:\/\/www.hotel-trieste.net\/fr\/wp-json\/wp\/v2\/users\/1"}],"replies":[{"embeddable":true,"href":"https:\/\/www.hotel-trieste.net\/fr\/wp-json\/wp\/v2\/comments?post=1709"}],"version-history":[{"count":2,"href":"https:\/\/www.hotel-trieste.net\/fr\/wp-json\/wp\/v2\/pages\/1709\/revisions"}],"predecessor-version":[{"id":1711,"href":"https:\/\/www.hotel-trieste.net\/fr\/wp-json\/wp\/v2\/pages\/1709\/revisions\/1711"}],"wp:featuredmedia":[{"embeddable":true,"href":"https:\/\/www.hotel-trieste.net\/fr\/wp-json\/wp\/v2\/media\/3024"}],"wp:attachment":[{"href":"https:\/\/www.hotel-trieste.net\/fr\/wp-json\/wp\/v2\/media?parent=1709"}],"curies":[{"name":"wp","href":"https:\/\/api.w.org\/{rel}","templated":true}]}}