{"id":1415,"date":"2022-02-03T15:17:08","date_gmt":"2022-02-03T14:17:08","guid":{"rendered":"https:\/\/demo.hotel-trieste.net\/?page_id=1415"},"modified":"2022-02-17T09:56:08","modified_gmt":"2022-02-17T08:56:08","slug":"cesenatico-et-romagne","status":"publish","type":"page","link":"https:\/\/www.hotel-trieste.net\/fr\/cesenatico-et-romagne\/","title":{"rendered":"Cesenatico et Romagne"},"content":{"rendered":"<p><strong>CESENATICO notre village authentique de bord de mer<\/strong><br \/>\n<strong>Dans le c\u0153ur de Cesenatico, une localisation privil\u00e9gi\u00e9e<\/strong><br \/>\n<strong>LA MAGIE D\u2019UN VILLAGE DE BORD DE MER \u00c0 TAILLE HUMAINE.<\/strong><\/p>\n<p>Cesenatico, un antique village de marins, localis\u00e9 au c\u0153ur de la Riviera romagnole. Une mer tranquille et s\u00fbre, une plage confortable et bien \u00e9quip\u00e9e, mais surtout un centre historique plein de charme. Il suffit de citer le port-canal l\u00e9onardesque qui rentre dans le c\u0153ur du village ou les voiles d\u00e9cor\u00e9es des bragozzi amarr\u00e9s au Mus\u00e9e de la Marine.<\/p>\n<p>Notre h\u00f4tel se trouve au centre, \u00e0 une rue du bord de mer viale Carducci, \u00e0 mi-chemin entre le fameux gratte-ciel et le port-canal. Et \u00e0 20 m\u00e8tres de la mer. Rejoindre Cesenatico est simple, quelque soit votre moyen de transport. Et vous ne voudrez plus rentrer chez vous.<\/p>\n","protected":false},"excerpt":{"rendered":"<p>CESENATICO notre village authentique de bord de mer Dans le c\u0153ur de Cesenatico, une localisation privil\u00e9gi\u00e9e LA MAGIE D\u2019UN VILLAGE DE BORD DE MER \u00c0 TAILLE HUMAINE. Cesenatico, un antique village de marins, localis\u00e9 au c\u0153ur de la Riviera romagnole. Une mer tranquille et s\u00fbre, une plage confortable et bien \u00e9quip\u00e9e, mais surtout un centre [&hellip;]<\/p>\n","protected":false},"author":1,"featured_media":1004,"parent":0,"menu_order":0,"comment_status":"closed","ping_status":"closed","template":"","meta":{"footnotes":""},"class_list":["post-1415","page","type-page","status-publish","has-post-thumbnail","hentry"],"acf":[],"yoast_head":"<!-- This site is optimized with the Yoast SEO plugin v21.2 - https:\/\/yoast.com\/wordpress\/plugins\/seo\/ -->\n<title>Cesenatico et Romagne - Hotel Trieste<\/title>\n<meta name=\"robots\" content=\"index, follow, max-snippet:-1, max-image-preview:large, max-video-preview:-1\" \/>\n<link rel=\"canonical\" href=\"https:\/\/www.hotel-trieste.net\/fr\/cesenatico-et-romagne\/\" \/>\n<meta property=\"og:locale\" content=\"fr_FR\" \/>\n<meta property=\"og:type\" content=\"article\" \/>\n<meta property=\"og:title\" content=\"Cesenatico et Romagne - Hotel Trieste\" \/>\n<meta property=\"og:description\" content=\"CESENATICO notre village authentique de bord de mer Dans le c\u0153ur de Cesenatico, une localisation privil\u00e9gi\u00e9e LA MAGIE D\u2019UN VILLAGE DE BORD DE MER \u00c0 TAILLE HUMAINE. Cesenatico, un antique village de marins, localis\u00e9 au c\u0153ur de la Riviera romagnole. Une mer tranquille et s\u00fbre, une plage confortable et bien \u00e9quip\u00e9e, mais surtout un centre [&hellip;]\" \/>\n<meta property=\"og:url\" content=\"https:\/\/www.hotel-trieste.net\/fr\/cesenatico-et-romagne\/\" \/>\n<meta property=\"og:site_name\" content=\"Hotel Trieste\" \/>\n<meta property=\"article:modified_time\" content=\"2022-02-17T08:56:08+00:00\" \/>\n<meta property=\"og:image\" content=\"https:\/\/www.hotel-trieste.net\/wp-content\/uploads\/canale-cesenatico.jpg\" \/>\n\t<meta property=\"og:image:width\" content=\"1500\" \/>\n\t<meta property=\"og:image:height\" content=\"844\" \/>\n\t<meta property=\"og:image:type\" content=\"image\/jpeg\" \/>\n<meta name=\"twitter:card\" content=\"summary_large_image\" \/>\n<meta name=\"twitter:label1\" content=\"Dur\u00e9e de lecture estim\u00e9e\" \/>\n\t<meta name=\"twitter:data1\" content=\"1 minute\" \/>\n<script type=\"application\/ld+json\" class=\"yoast-schema-graph\">{\"@context\":\"https:\/\/schema.org\",\"@graph\":[{\"@type\":\"WebPage\",\"@id\":\"https:\/\/www.hotel-trieste.net\/fr\/cesenatico-et-romagne\/\",\"url\":\"https:\/\/www.hotel-trieste.net\/fr\/cesenatico-et-romagne\/\",\"name\":\"Cesenatico et Romagne - Hotel Trieste\",\"isPartOf\":{\"@id\":\"https:\/\/www.hotel-trieste.net\/fr\/#website\"},\"datePublished\":\"2022-02-03T14:17:08+00:00\",\"dateModified\":\"2022-02-17T08:56:08+00:00\",\"breadcrumb\":{\"@id\":\"https:\/\/www.hotel-trieste.net\/fr\/cesenatico-et-romagne\/#breadcrumb\"},\"inLanguage\":\"fr-FR\",\"potentialAction\":[{\"@type\":\"ReadAction\",\"target\":[\"https:\/\/www.hotel-trieste.net\/fr\/cesenatico-et-romagne\/\"]}]},{\"@type\":\"BreadcrumbList\",\"@id\":\"https:\/\/www.hotel-trieste.net\/fr\/cesenatico-et-romagne\/#breadcrumb\",\"itemListElement\":[{\"@type\":\"ListItem\",\"position\":1,\"name\":\"Home\",\"item\":\"https:\/\/www.hotel-trieste.net\/fr\/\"},{\"@type\":\"ListItem\",\"position\":2,\"name\":\"Cesenatico et Romagne\"}]},{\"@type\":\"WebSite\",\"@id\":\"https:\/\/www.hotel-trieste.net\/fr\/#website\",\"url\":\"https:\/\/www.hotel-trieste.net\/fr\/\",\"name\":\"Hotel Trieste\",\"description\":\"Family Hotel a Cesenatico\",\"publisher\":{\"@id\":\"https:\/\/www.hotel-trieste.net\/fr\/#organization\"},\"potentialAction\":[{\"@type\":\"SearchAction\",\"target\":{\"@type\":\"EntryPoint\",\"urlTemplate\":\"https:\/\/www.hotel-trieste.net\/fr\/?s={search_term_string}\"},\"query-input\":\"required name=search_term_string\"}],\"inLanguage\":\"fr-FR\"},{\"@type\":\"Organization\",\"@id\":\"https:\/\/www.hotel-trieste.net\/fr\/#organization\",\"name\":\"Hotel Trieste\",\"url\":\"https:\/\/www.hotel-trieste.net\/fr\/\",\"logo\":{\"@type\":\"ImageObject\",\"inLanguage\":\"fr-FR\",\"@id\":\"https:\/\/www.hotel-trieste.net\/fr\/#\/schema\/logo\/image\/\",\"url\":\"https:\/\/www.hotel-trieste.net\/wp-content\/uploads\/logo-trieste.png\",\"contentUrl\":\"https:\/\/www.hotel-trieste.net\/wp-content\/uploads\/logo-trieste.png\",\"width\":900,\"height\":551,\"caption\":\"Hotel Trieste\"},\"image\":{\"@id\":\"https:\/\/www.hotel-trieste.net\/fr\/#\/schema\/logo\/image\/\"}}]}<\/script>\n<!-- \/ Yoast SEO plugin. -->","yoast_head_json":{"title":"Cesenatico et Romagne - Hotel Trieste","robots":{"index":"index","follow":"follow","max-snippet":"max-snippet:-1","max-image-preview":"max-image-preview:large","max-video-preview":"max-video-preview:-1"},"canonical":"https:\/\/www.hotel-trieste.net\/fr\/cesenatico-et-romagne\/","og_locale":"fr_FR","og_type":"article","og_title":"Cesenatico et Romagne - Hotel Trieste","og_description":"CESENATICO notre village authentique de bord de mer Dans le c\u0153ur de Cesenatico, une localisation privil\u00e9gi\u00e9e LA MAGIE D\u2019UN VILLAGE DE BORD DE MER \u00c0 TAILLE HUMAINE. Cesenatico, un antique village de marins, localis\u00e9 au c\u0153ur de la Riviera romagnole. Une mer tranquille et s\u00fbre, une plage confortable et bien \u00e9quip\u00e9e, mais surtout un centre [&hellip;]","og_url":"https:\/\/www.hotel-trieste.net\/fr\/cesenatico-et-romagne\/","og_site_name":"Hotel Trieste","article_modified_time":"2022-02-17T08:56:08+00:00","og_image":[{"width":1500,"height":844,"url":"https:\/\/www.hotel-trieste.net\/wp-content\/uploads\/canale-cesenatico.jpg","type":"image\/jpeg"}],"twitter_card":"summary_large_image","twitter_misc":{"Dur\u00e9e de lecture estim\u00e9e":"1 minute"},"schema":{"@context":"https:\/\/schema.org","@graph":[{"@type":"WebPage","@id":"https:\/\/www.hotel-trieste.net\/fr\/cesenatico-et-romagne\/","url":"https:\/\/www.hotel-trieste.net\/fr\/cesenatico-et-romagne\/","name":"Cesenatico et Romagne - Hotel Trieste","isPartOf":{"@id":"https:\/\/www.hotel-trieste.net\/fr\/#website"},"datePublished":"2022-02-03T14:17:08+00:00","dateModified":"2022-02-17T08:56:08+00:00","breadcrumb":{"@id":"https:\/\/www.hotel-trieste.net\/fr\/cesenatico-et-romagne\/#breadcrumb"},"inLanguage":"fr-FR","potentialAction":[{"@type":"ReadAction","target":["https:\/\/www.hotel-trieste.net\/fr\/cesenatico-et-romagne\/"]}]},{"@type":"BreadcrumbList","@id":"https:\/\/www.hotel-trieste.net\/fr\/cesenatico-et-romagne\/#breadcrumb","itemListElement":[{"@type":"ListItem","position":1,"name":"Home","item":"https:\/\/www.hotel-trieste.net\/fr\/"},{"@type":"ListItem","position":2,"name":"Cesenatico et Romagne"}]},{"@type":"WebSite","@id":"https:\/\/www.hotel-trieste.net\/fr\/#website","url":"https:\/\/www.hotel-trieste.net\/fr\/","name":"Hotel Trieste","description":"Family Hotel a Cesenatico","publisher":{"@id":"https:\/\/www.hotel-trieste.net\/fr\/#organization"},"potentialAction":[{"@type":"SearchAction","target":{"@type":"EntryPoint","urlTemplate":"https:\/\/www.hotel-trieste.net\/fr\/?s={search_term_string}"},"query-input":"required name=search_term_string"}],"inLanguage":"fr-FR"},{"@type":"Organization","@id":"https:\/\/www.hotel-trieste.net\/fr\/#organization","name":"Hotel Trieste","url":"https:\/\/www.hotel-trieste.net\/fr\/","logo":{"@type":"ImageObject","inLanguage":"fr-FR","@id":"https:\/\/www.hotel-trieste.net\/fr\/#\/schema\/logo\/image\/","url":"https:\/\/www.hotel-trieste.net\/wp-content\/uploads\/logo-trieste.png","contentUrl":"https:\/\/www.hotel-trieste.net\/wp-content\/uploads\/logo-trieste.png","width":900,"height":551,"caption":"Hotel Trieste"},"image":{"@id":"https:\/\/www.hotel-trieste.net\/fr\/#\/schema\/logo\/image\/"}}]}},"_links":{"self":[{"href":"https:\/\/www.hotel-trieste.net\/fr\/wp-json\/wp\/v2\/pages\/1415","targetHints":{"allow":["GET"]}}],"collection":[{"href":"https:\/\/www.hotel-trieste.net\/fr\/wp-json\/wp\/v2\/pages"}],"about":[{"href":"https:\/\/www.hotel-trieste.net\/fr\/wp-json\/wp\/v2\/types\/page"}],"author":[{"embeddable":true,"href":"https:\/\/www.hotel-trieste.net\/fr\/wp-json\/wp\/v2\/users\/1"}],"replies":[{"embeddable":true,"href":"https:\/\/www.hotel-trieste.net\/fr\/wp-json\/wp\/v2\/comments?post=1415"}],"version-history":[{"count":3,"href":"https:\/\/www.hotel-trieste.net\/fr\/wp-json\/wp\/v2\/pages\/1415\/revisions"}],"predecessor-version":[{"id":1974,"href":"https:\/\/www.hotel-trieste.net\/fr\/wp-json\/wp\/v2\/pages\/1415\/revisions\/1974"}],"wp:featuredmedia":[{"embeddable":true,"href":"https:\/\/www.hotel-trieste.net\/fr\/wp-json\/wp\/v2\/media\/1004"}],"wp:attachment":[{"href":"https:\/\/www.hotel-trieste.net\/fr\/wp-json\/wp\/v2\/media?parent=1415"}],"curies":[{"name":"wp","href":"https:\/\/api.w.org\/{rel}","templated":true}]}}