{"id":1020,"date":"2022-02-02T10:08:48","date_gmt":"2022-02-02T09:08:48","guid":{"rendered":"https:\/\/demo.hotel-trieste.net\/?page_id=1020"},"modified":"2022-02-09T16:39:45","modified_gmt":"2022-02-09T15:39:45","slug":"depuis-plus-de-trente-ans-nous-chouchoutons-nos-hotes","status":"publish","type":"page","link":"https:\/\/www.hotel-trieste.net\/fr\/","title":{"rendered":"Depuis Plus De Trente Ans Nous Chouchoutons Nos H\u00f4tes"},"content":{"rendered":"<p>Nous sommes Sonia, Riccardo, Matteo et Sara<br \/>\nD\u00e8s le d\u00e9but, vous apprendrez \u00e0 nous appeler par nos pr\u00e9noms, car \u00e0 l&#8217;h\u00f4tel Trieste de Cesenatico, vous trouverez avant tout le r\u00e9confort d&#8217;une famille.<br \/>\n\u00c0 chaque moment de la journ\u00e9e vous trouverez le sourire sinc\u00e8re de ceux qui font ce m\u00e9tier par amour et vous verrez qu&#8217;en peu de temps vous aurez l\u2019impression de nous connaitre depuis toujours.<br \/>\nSimplicit\u00e9, harmonie et disponibilit\u00e9 sont notre philosophie.<\/p>\n<p>Nous vous attendons \u00e0 bras ouverts dans la merveilleuse Cesenatico et pr\u00eats pour vos vacances d\u2019\u00e9t\u00e9.<br \/>\nSimple, relaxant mais surtout l\u2019esprit tranquille. Et voici le secret des vacances tout compris que chaque jour nous concevons pour vous.<\/p>\n","protected":false},"excerpt":{"rendered":"<p>Nous sommes Sonia, Riccardo, Matteo et Sara D\u00e8s le d\u00e9but, vous apprendrez \u00e0 nous appeler par nos pr\u00e9noms, car \u00e0 l&#8217;h\u00f4tel Trieste de Cesenatico, vous trouverez avant tout le r\u00e9confort d&#8217;une famille. \u00c0 chaque moment de la journ\u00e9e vous trouverez le sourire sinc\u00e8re de ceux qui font ce m\u00e9tier par amour et vous verrez qu&#8217;en [&hellip;]<\/p>\n","protected":false},"author":1,"featured_media":0,"parent":0,"menu_order":0,"comment_status":"closed","ping_status":"closed","template":"","meta":{"footnotes":""},"class_list":["post-1020","page","type-page","status-publish","hentry"],"acf":[],"yoast_head":"<!-- This site is optimized with the Yoast SEO plugin v21.2 - https:\/\/yoast.com\/wordpress\/plugins\/seo\/ -->\n<title>Depuis Plus De Trente Ans Nous Chouchoutons Nos H\u00f4tes - Hotel Trieste<\/title>\n<meta name=\"robots\" content=\"index, follow, max-snippet:-1, max-image-preview:large, max-video-preview:-1\" \/>\n<link rel=\"canonical\" href=\"https:\/\/www.hotel-trieste.net\/fr\/\" \/>\n<meta property=\"og:locale\" content=\"fr_FR\" \/>\n<meta property=\"og:type\" content=\"article\" \/>\n<meta property=\"og:title\" content=\"Depuis Plus De Trente Ans Nous Chouchoutons Nos H\u00f4tes - Hotel Trieste\" \/>\n<meta property=\"og:description\" content=\"Nous sommes Sonia, Riccardo, Matteo et Sara D\u00e8s le d\u00e9but, vous apprendrez \u00e0 nous appeler par nos pr\u00e9noms, car \u00e0 l&#8217;h\u00f4tel Trieste de Cesenatico, vous trouverez avant tout le r\u00e9confort d&#8217;une famille. \u00c0 chaque moment de la journ\u00e9e vous trouverez le sourire sinc\u00e8re de ceux qui font ce m\u00e9tier par amour et vous verrez qu&#8217;en [&hellip;]\" \/>\n<meta property=\"og:url\" content=\"https:\/\/www.hotel-trieste.net\/fr\/\" \/>\n<meta property=\"og:site_name\" content=\"Hotel Trieste\" \/>\n<meta property=\"article:modified_time\" content=\"2022-02-09T15:39:45+00:00\" \/>\n<meta name=\"twitter:card\" content=\"summary_large_image\" \/>\n<meta name=\"twitter:label1\" content=\"Dur\u00e9e de lecture estim\u00e9e\" \/>\n\t<meta name=\"twitter:data1\" content=\"1 minute\" \/>\n<script type=\"application\/ld+json\" class=\"yoast-schema-graph\">{\"@context\":\"https:\/\/schema.org\",\"@graph\":[{\"@type\":\"WebPage\",\"@id\":\"https:\/\/www.hotel-trieste.net\/fr\/\",\"url\":\"https:\/\/www.hotel-trieste.net\/fr\/\",\"name\":\"Depuis Plus De Trente Ans Nous Chouchoutons Nos H\u00f4tes - Hotel Trieste\",\"isPartOf\":{\"@id\":\"https:\/\/www.hotel-trieste.net\/fr\/#website\"},\"datePublished\":\"2022-02-02T09:08:48+00:00\",\"dateModified\":\"2022-02-09T15:39:45+00:00\",\"breadcrumb\":{\"@id\":\"https:\/\/www.hotel-trieste.net\/fr\/#breadcrumb\"},\"inLanguage\":\"fr-FR\",\"potentialAction\":[{\"@type\":\"ReadAction\",\"target\":[\"https:\/\/www.hotel-trieste.net\/fr\/\"]}]},{\"@type\":\"BreadcrumbList\",\"@id\":\"https:\/\/www.hotel-trieste.net\/fr\/#breadcrumb\",\"itemListElement\":[{\"@type\":\"ListItem\",\"position\":1,\"name\":\"Home\",\"item\":\"https:\/\/www.hotel-trieste.net\/fr\/\"},{\"@type\":\"ListItem\",\"position\":2,\"name\":\"Depuis Plus De Trente Ans Nous Chouchoutons Nos H\u00f4tes\"}]},{\"@type\":\"WebSite\",\"@id\":\"https:\/\/www.hotel-trieste.net\/fr\/#website\",\"url\":\"https:\/\/www.hotel-trieste.net\/fr\/\",\"name\":\"Hotel Trieste\",\"description\":\"Family Hotel a Cesenatico\",\"publisher\":{\"@id\":\"https:\/\/www.hotel-trieste.net\/fr\/#organization\"},\"potentialAction\":[{\"@type\":\"SearchAction\",\"target\":{\"@type\":\"EntryPoint\",\"urlTemplate\":\"https:\/\/www.hotel-trieste.net\/fr\/?s={search_term_string}\"},\"query-input\":\"required name=search_term_string\"}],\"inLanguage\":\"fr-FR\"},{\"@type\":\"Organization\",\"@id\":\"https:\/\/www.hotel-trieste.net\/fr\/#organization\",\"name\":\"Hotel Trieste\",\"url\":\"https:\/\/www.hotel-trieste.net\/fr\/\",\"logo\":{\"@type\":\"ImageObject\",\"inLanguage\":\"fr-FR\",\"@id\":\"https:\/\/www.hotel-trieste.net\/fr\/#\/schema\/logo\/image\/\",\"url\":\"https:\/\/www.hotel-trieste.net\/wp-content\/uploads\/logo-trieste.png\",\"contentUrl\":\"https:\/\/www.hotel-trieste.net\/wp-content\/uploads\/logo-trieste.png\",\"width\":900,\"height\":551,\"caption\":\"Hotel Trieste\"},\"image\":{\"@id\":\"https:\/\/www.hotel-trieste.net\/fr\/#\/schema\/logo\/image\/\"}}]}<\/script>\n<!-- \/ Yoast SEO plugin. -->","yoast_head_json":{"title":"Depuis Plus De Trente Ans Nous Chouchoutons Nos H\u00f4tes - Hotel Trieste","robots":{"index":"index","follow":"follow","max-snippet":"max-snippet:-1","max-image-preview":"max-image-preview:large","max-video-preview":"max-video-preview:-1"},"canonical":"https:\/\/www.hotel-trieste.net\/fr\/","og_locale":"fr_FR","og_type":"article","og_title":"Depuis Plus De Trente Ans Nous Chouchoutons Nos H\u00f4tes - Hotel Trieste","og_description":"Nous sommes Sonia, Riccardo, Matteo et Sara D\u00e8s le d\u00e9but, vous apprendrez \u00e0 nous appeler par nos pr\u00e9noms, car \u00e0 l&#8217;h\u00f4tel Trieste de Cesenatico, vous trouverez avant tout le r\u00e9confort d&#8217;une famille. \u00c0 chaque moment de la journ\u00e9e vous trouverez le sourire sinc\u00e8re de ceux qui font ce m\u00e9tier par amour et vous verrez qu&#8217;en [&hellip;]","og_url":"https:\/\/www.hotel-trieste.net\/fr\/","og_site_name":"Hotel Trieste","article_modified_time":"2022-02-09T15:39:45+00:00","twitter_card":"summary_large_image","twitter_misc":{"Dur\u00e9e de lecture estim\u00e9e":"1 minute"},"schema":{"@context":"https:\/\/schema.org","@graph":[{"@type":"WebPage","@id":"https:\/\/www.hotel-trieste.net\/fr\/","url":"https:\/\/www.hotel-trieste.net\/fr\/","name":"Depuis Plus De Trente Ans Nous Chouchoutons Nos H\u00f4tes - Hotel Trieste","isPartOf":{"@id":"https:\/\/www.hotel-trieste.net\/fr\/#website"},"datePublished":"2022-02-02T09:08:48+00:00","dateModified":"2022-02-09T15:39:45+00:00","breadcrumb":{"@id":"https:\/\/www.hotel-trieste.net\/fr\/#breadcrumb"},"inLanguage":"fr-FR","potentialAction":[{"@type":"ReadAction","target":["https:\/\/www.hotel-trieste.net\/fr\/"]}]},{"@type":"BreadcrumbList","@id":"https:\/\/www.hotel-trieste.net\/fr\/#breadcrumb","itemListElement":[{"@type":"ListItem","position":1,"name":"Home","item":"https:\/\/www.hotel-trieste.net\/fr\/"},{"@type":"ListItem","position":2,"name":"Depuis Plus De Trente Ans Nous Chouchoutons Nos H\u00f4tes"}]},{"@type":"WebSite","@id":"https:\/\/www.hotel-trieste.net\/fr\/#website","url":"https:\/\/www.hotel-trieste.net\/fr\/","name":"Hotel Trieste","description":"Family Hotel a Cesenatico","publisher":{"@id":"https:\/\/www.hotel-trieste.net\/fr\/#organization"},"potentialAction":[{"@type":"SearchAction","target":{"@type":"EntryPoint","urlTemplate":"https:\/\/www.hotel-trieste.net\/fr\/?s={search_term_string}"},"query-input":"required name=search_term_string"}],"inLanguage":"fr-FR"},{"@type":"Organization","@id":"https:\/\/www.hotel-trieste.net\/fr\/#organization","name":"Hotel Trieste","url":"https:\/\/www.hotel-trieste.net\/fr\/","logo":{"@type":"ImageObject","inLanguage":"fr-FR","@id":"https:\/\/www.hotel-trieste.net\/fr\/#\/schema\/logo\/image\/","url":"https:\/\/www.hotel-trieste.net\/wp-content\/uploads\/logo-trieste.png","contentUrl":"https:\/\/www.hotel-trieste.net\/wp-content\/uploads\/logo-trieste.png","width":900,"height":551,"caption":"Hotel Trieste"},"image":{"@id":"https:\/\/www.hotel-trieste.net\/fr\/#\/schema\/logo\/image\/"}}]}},"_links":{"self":[{"href":"https:\/\/www.hotel-trieste.net\/fr\/wp-json\/wp\/v2\/pages\/1020","targetHints":{"allow":["GET"]}}],"collection":[{"href":"https:\/\/www.hotel-trieste.net\/fr\/wp-json\/wp\/v2\/pages"}],"about":[{"href":"https:\/\/www.hotel-trieste.net\/fr\/wp-json\/wp\/v2\/types\/page"}],"author":[{"embeddable":true,"href":"https:\/\/www.hotel-trieste.net\/fr\/wp-json\/wp\/v2\/users\/1"}],"replies":[{"embeddable":true,"href":"https:\/\/www.hotel-trieste.net\/fr\/wp-json\/wp\/v2\/comments?post=1020"}],"version-history":[{"count":3,"href":"https:\/\/www.hotel-trieste.net\/fr\/wp-json\/wp\/v2\/pages\/1020\/revisions"}],"predecessor-version":[{"id":1694,"href":"https:\/\/www.hotel-trieste.net\/fr\/wp-json\/wp\/v2\/pages\/1020\/revisions\/1694"}],"wp:attachment":[{"href":"https:\/\/www.hotel-trieste.net\/fr\/wp-json\/wp\/v2\/media?parent=1020"}],"curies":[{"name":"wp","href":"https:\/\/api.w.org\/{rel}","templated":true}]}}