{"id":2263,"date":"2022-02-28T14:59:20","date_gmt":"2022-02-28T13:59:20","guid":{"rendered":"https:\/\/www.hotel-trieste.net\/?page_id=2263"},"modified":"2022-02-28T14:59:45","modified_gmt":"2022-02-28T13:59:45","slug":"eine-familie-in-der-man-sich-zu-hause-fuehlt","status":"publish","type":"page","link":"https:\/\/www.hotel-trieste.net\/de\/eine-familie-in-der-man-sich-zu-hause-fuehlt\/","title":{"rendered":"Eine Familie, In Der Man Sich Zu Hause F\u00fchlt"},"content":{"rendered":"<p>Seit 1955 verw\u00f6hnen wir unsere G\u00e4ste \u2013 GASTFREUNDSCHAFT IN ROMAGNA<br \/>\nist der Geschmack der Heimat, auch im Urlaub.<br \/>\nWo die Romagna auf das Meer trifft, entfaltet sich die Gastfreundschaft dieses Landes in einer noch gr\u00f6\u00dferen Umarmung. Die touristische Tradition, der wir angeh\u00f6ren, hat ihre Wurzeln genau hier an der Riviera.<br \/>\nIm Hotel erz\u00e4hlt die Familienleitung von der Freude, Sie hier zu haben und von dem Wunsch, diesen alten Beruf der Hoteliers &#8220;gut zu machen&#8221;.<\/p>\n<p>Wir freuen uns auf Ihren Besuch in unserem Cesenatico<\/p>\n<p>die Familie<br \/>\nSonia, Riccardo, Matteo und Sara<\/p>\n<p>Wir haben einen einzigartigen Urlaub exklusiv f\u00fcr Sie zusammengestellt!<\/p>\n","protected":false},"excerpt":{"rendered":"<p>Seit 1955 verw\u00f6hnen wir unsere G\u00e4ste \u2013 GASTFREUNDSCHAFT IN ROMAGNA ist der Geschmack der Heimat, auch im Urlaub. Wo die Romagna auf das Meer trifft, entfaltet sich die Gastfreundschaft dieses Landes in einer noch gr\u00f6\u00dferen Umarmung. Die touristische Tradition, der wir angeh\u00f6ren, hat ihre Wurzeln genau hier an der Riviera. Im Hotel erz\u00e4hlt die Familienleitung [&hellip;]<\/p>\n","protected":false},"author":1,"featured_media":3085,"parent":0,"menu_order":0,"comment_status":"closed","ping_status":"closed","template":"","meta":{"footnotes":""},"class_list":["post-2263","page","type-page","status-publish","has-post-thumbnail","hentry"],"acf":[],"yoast_head":"<!-- This site is optimized with the Yoast SEO plugin v21.2 - https:\/\/yoast.com\/wordpress\/plugins\/seo\/ -->\n<title>Eine Familie, In Der Man Sich Zu Hause F\u00fchlt - Hotel Trieste<\/title>\n<meta name=\"robots\" content=\"index, follow, max-snippet:-1, max-image-preview:large, max-video-preview:-1\" \/>\n<link rel=\"canonical\" href=\"https:\/\/www.hotel-trieste.net\/de\/eine-familie-in-der-man-sich-zu-hause-fuehlt\/\" \/>\n<meta property=\"og:locale\" content=\"de_DE\" \/>\n<meta property=\"og:type\" content=\"article\" \/>\n<meta property=\"og:title\" content=\"Eine Familie, In Der Man Sich Zu Hause F\u00fchlt - Hotel Trieste\" \/>\n<meta property=\"og:description\" content=\"Seit 1955 verw\u00f6hnen wir unsere G\u00e4ste \u2013 GASTFREUNDSCHAFT IN ROMAGNA ist der Geschmack der Heimat, auch im Urlaub. Wo die Romagna auf das Meer trifft, entfaltet sich die Gastfreundschaft dieses Landes in einer noch gr\u00f6\u00dferen Umarmung. Die touristische Tradition, der wir angeh\u00f6ren, hat ihre Wurzeln genau hier an der Riviera. Im Hotel erz\u00e4hlt die Familienleitung [&hellip;]\" \/>\n<meta property=\"og:url\" content=\"https:\/\/www.hotel-trieste.net\/de\/eine-familie-in-der-man-sich-zu-hause-fuehlt\/\" \/>\n<meta property=\"og:site_name\" content=\"Hotel Trieste\" \/>\n<meta property=\"article:modified_time\" content=\"2022-02-28T13:59:45+00:00\" \/>\n<meta property=\"og:image\" content=\"https:\/\/www.hotel-trieste.net\/wp-content\/uploads\/head-famiglia.jpg\" \/>\n\t<meta property=\"og:image:width\" content=\"1500\" \/>\n\t<meta property=\"og:image:height\" content=\"1125\" \/>\n\t<meta property=\"og:image:type\" content=\"image\/jpeg\" \/>\n<meta name=\"twitter:card\" content=\"summary_large_image\" \/>\n<meta name=\"twitter:label1\" content=\"Gesch\u00e4tzte Lesezeit\" \/>\n\t<meta name=\"twitter:data1\" content=\"1\u00a0Minute\" \/>\n<script type=\"application\/ld+json\" class=\"yoast-schema-graph\">{\"@context\":\"https:\/\/schema.org\",\"@graph\":[{\"@type\":\"WebPage\",\"@id\":\"https:\/\/www.hotel-trieste.net\/de\/eine-familie-in-der-man-sich-zu-hause-fuehlt\/\",\"url\":\"https:\/\/www.hotel-trieste.net\/de\/eine-familie-in-der-man-sich-zu-hause-fuehlt\/\",\"name\":\"Eine Familie, In Der Man Sich Zu Hause F\u00fchlt - Hotel Trieste\",\"isPartOf\":{\"@id\":\"https:\/\/www.hotel-trieste.net\/de\/#website\"},\"datePublished\":\"2022-02-28T13:59:20+00:00\",\"dateModified\":\"2022-02-28T13:59:45+00:00\",\"breadcrumb\":{\"@id\":\"https:\/\/www.hotel-trieste.net\/de\/eine-familie-in-der-man-sich-zu-hause-fuehlt\/#breadcrumb\"},\"inLanguage\":\"de\",\"potentialAction\":[{\"@type\":\"ReadAction\",\"target\":[\"https:\/\/www.hotel-trieste.net\/de\/eine-familie-in-der-man-sich-zu-hause-fuehlt\/\"]}]},{\"@type\":\"BreadcrumbList\",\"@id\":\"https:\/\/www.hotel-trieste.net\/de\/eine-familie-in-der-man-sich-zu-hause-fuehlt\/#breadcrumb\",\"itemListElement\":[{\"@type\":\"ListItem\",\"position\":1,\"name\":\"Home\",\"item\":\"https:\/\/www.hotel-trieste.net\/de\/\"},{\"@type\":\"ListItem\",\"position\":2,\"name\":\"Eine Familie, In Der Man Sich Zu Hause F\u00fchlt\"}]},{\"@type\":\"WebSite\",\"@id\":\"https:\/\/www.hotel-trieste.net\/de\/#website\",\"url\":\"https:\/\/www.hotel-trieste.net\/de\/\",\"name\":\"Hotel Trieste\",\"description\":\"Family Hotel a Cesenatico\",\"publisher\":{\"@id\":\"https:\/\/www.hotel-trieste.net\/de\/#organization\"},\"potentialAction\":[{\"@type\":\"SearchAction\",\"target\":{\"@type\":\"EntryPoint\",\"urlTemplate\":\"https:\/\/www.hotel-trieste.net\/de\/?s={search_term_string}\"},\"query-input\":\"required name=search_term_string\"}],\"inLanguage\":\"de\"},{\"@type\":\"Organization\",\"@id\":\"https:\/\/www.hotel-trieste.net\/de\/#organization\",\"name\":\"Hotel Trieste\",\"url\":\"https:\/\/www.hotel-trieste.net\/de\/\",\"logo\":{\"@type\":\"ImageObject\",\"inLanguage\":\"de\",\"@id\":\"https:\/\/www.hotel-trieste.net\/de\/#\/schema\/logo\/image\/\",\"url\":\"https:\/\/www.hotel-trieste.net\/wp-content\/uploads\/logo-trieste.png\",\"contentUrl\":\"https:\/\/www.hotel-trieste.net\/wp-content\/uploads\/logo-trieste.png\",\"width\":900,\"height\":551,\"caption\":\"Hotel Trieste\"},\"image\":{\"@id\":\"https:\/\/www.hotel-trieste.net\/de\/#\/schema\/logo\/image\/\"}}]}<\/script>\n<!-- \/ Yoast SEO plugin. -->","yoast_head_json":{"title":"Eine Familie, In Der Man Sich Zu Hause F\u00fchlt - Hotel Trieste","robots":{"index":"index","follow":"follow","max-snippet":"max-snippet:-1","max-image-preview":"max-image-preview:large","max-video-preview":"max-video-preview:-1"},"canonical":"https:\/\/www.hotel-trieste.net\/de\/eine-familie-in-der-man-sich-zu-hause-fuehlt\/","og_locale":"de_DE","og_type":"article","og_title":"Eine Familie, In Der Man Sich Zu Hause F\u00fchlt - Hotel Trieste","og_description":"Seit 1955 verw\u00f6hnen wir unsere G\u00e4ste \u2013 GASTFREUNDSCHAFT IN ROMAGNA ist der Geschmack der Heimat, auch im Urlaub. Wo die Romagna auf das Meer trifft, entfaltet sich die Gastfreundschaft dieses Landes in einer noch gr\u00f6\u00dferen Umarmung. Die touristische Tradition, der wir angeh\u00f6ren, hat ihre Wurzeln genau hier an der Riviera. Im Hotel erz\u00e4hlt die Familienleitung [&hellip;]","og_url":"https:\/\/www.hotel-trieste.net\/de\/eine-familie-in-der-man-sich-zu-hause-fuehlt\/","og_site_name":"Hotel Trieste","article_modified_time":"2022-02-28T13:59:45+00:00","og_image":[{"width":1500,"height":1125,"url":"https:\/\/www.hotel-trieste.net\/wp-content\/uploads\/head-famiglia.jpg","type":"image\/jpeg"}],"twitter_card":"summary_large_image","twitter_misc":{"Gesch\u00e4tzte Lesezeit":"1\u00a0Minute"},"schema":{"@context":"https:\/\/schema.org","@graph":[{"@type":"WebPage","@id":"https:\/\/www.hotel-trieste.net\/de\/eine-familie-in-der-man-sich-zu-hause-fuehlt\/","url":"https:\/\/www.hotel-trieste.net\/de\/eine-familie-in-der-man-sich-zu-hause-fuehlt\/","name":"Eine Familie, In Der Man Sich Zu Hause F\u00fchlt - Hotel Trieste","isPartOf":{"@id":"https:\/\/www.hotel-trieste.net\/de\/#website"},"datePublished":"2022-02-28T13:59:20+00:00","dateModified":"2022-02-28T13:59:45+00:00","breadcrumb":{"@id":"https:\/\/www.hotel-trieste.net\/de\/eine-familie-in-der-man-sich-zu-hause-fuehlt\/#breadcrumb"},"inLanguage":"de","potentialAction":[{"@type":"ReadAction","target":["https:\/\/www.hotel-trieste.net\/de\/eine-familie-in-der-man-sich-zu-hause-fuehlt\/"]}]},{"@type":"BreadcrumbList","@id":"https:\/\/www.hotel-trieste.net\/de\/eine-familie-in-der-man-sich-zu-hause-fuehlt\/#breadcrumb","itemListElement":[{"@type":"ListItem","position":1,"name":"Home","item":"https:\/\/www.hotel-trieste.net\/de\/"},{"@type":"ListItem","position":2,"name":"Eine Familie, In Der Man Sich Zu Hause F\u00fchlt"}]},{"@type":"WebSite","@id":"https:\/\/www.hotel-trieste.net\/de\/#website","url":"https:\/\/www.hotel-trieste.net\/de\/","name":"Hotel Trieste","description":"Family Hotel a Cesenatico","publisher":{"@id":"https:\/\/www.hotel-trieste.net\/de\/#organization"},"potentialAction":[{"@type":"SearchAction","target":{"@type":"EntryPoint","urlTemplate":"https:\/\/www.hotel-trieste.net\/de\/?s={search_term_string}"},"query-input":"required name=search_term_string"}],"inLanguage":"de"},{"@type":"Organization","@id":"https:\/\/www.hotel-trieste.net\/de\/#organization","name":"Hotel Trieste","url":"https:\/\/www.hotel-trieste.net\/de\/","logo":{"@type":"ImageObject","inLanguage":"de","@id":"https:\/\/www.hotel-trieste.net\/de\/#\/schema\/logo\/image\/","url":"https:\/\/www.hotel-trieste.net\/wp-content\/uploads\/logo-trieste.png","contentUrl":"https:\/\/www.hotel-trieste.net\/wp-content\/uploads\/logo-trieste.png","width":900,"height":551,"caption":"Hotel Trieste"},"image":{"@id":"https:\/\/www.hotel-trieste.net\/de\/#\/schema\/logo\/image\/"}}]}},"_links":{"self":[{"href":"https:\/\/www.hotel-trieste.net\/de\/wp-json\/wp\/v2\/pages\/2263","targetHints":{"allow":["GET"]}}],"collection":[{"href":"https:\/\/www.hotel-trieste.net\/de\/wp-json\/wp\/v2\/pages"}],"about":[{"href":"https:\/\/www.hotel-trieste.net\/de\/wp-json\/wp\/v2\/types\/page"}],"author":[{"embeddable":true,"href":"https:\/\/www.hotel-trieste.net\/de\/wp-json\/wp\/v2\/users\/1"}],"replies":[{"embeddable":true,"href":"https:\/\/www.hotel-trieste.net\/de\/wp-json\/wp\/v2\/comments?post=2263"}],"version-history":[{"count":2,"href":"https:\/\/www.hotel-trieste.net\/de\/wp-json\/wp\/v2\/pages\/2263\/revisions"}],"predecessor-version":[{"id":2265,"href":"https:\/\/www.hotel-trieste.net\/de\/wp-json\/wp\/v2\/pages\/2263\/revisions\/2265"}],"wp:featuredmedia":[{"embeddable":true,"href":"https:\/\/www.hotel-trieste.net\/de\/wp-json\/wp\/v2\/media\/3085"}],"wp:attachment":[{"href":"https:\/\/www.hotel-trieste.net\/de\/wp-json\/wp\/v2\/media?parent=2263"}],"curies":[{"name":"wp","href":"https:\/\/api.w.org\/{rel}","templated":true}]}}