{"id":2186,"date":"2022-02-28T12:22:52","date_gmt":"2022-02-28T11:22:52","guid":{"rendered":"https:\/\/www.hotel-trieste.net\/?page_id=2186"},"modified":"2022-02-28T12:22:52","modified_gmt":"2022-02-28T11:22:52","slug":"seit-ueber-30-jahren-verwoehnen-wir-unsere-gaeste","status":"publish","type":"page","link":"https:\/\/www.hotel-trieste.net\/de\/","title":{"rendered":"Seit \u00dcber 30 Jahren Verw\u00f6hnen Wir Unsere G\u00e4ste."},"content":{"rendered":"<p>Wir sind Sonia, Riccardo, Matteo und Sara<br \/>\nVon Anfang an werden Sie lernen, uns beim Namen zu nennen, denn im Hotel Trieste in Cesenatico werden Sie in erster Linie von einer Familie verw\u00f6hnt.<br \/>\nIn jedem Moment des Tages werden Sie das aufrichtige L\u00e4cheln derer sehen, die diese Arbeit aus Liebe machen, und Sie werden sehen, dass Sie in wenigen Tagen das Gef\u00fchl haben werden, uns schon ewig zu kennen.<br \/>\nEinfachheit, Harmonie und Hilfsbereitschaft sind unsere Philosophie.<\/p>\n<p>Wir erwarten Sie im wundersch\u00f6nen Cesenatico mit offenen Armen und sind bereit f\u00fcr Ihren Sommer<br \/>\nEinfach, entspannend und vor allem sorglos. Das ist das Geheimnis des All-inclusive-Urlaubs, den wir jeden Tag f\u00fcr Sie planen.<\/p>\n<p>F\u00fcr Sie, die Sie zu zweit sind, f\u00fcr Sie, die Sie mit Ihrer Familie und Ihren Kindern zusammen sind, f\u00fcr Sie, die Sie allein sind und Lust haben, abzuschalten.<br \/>\nStrand, Meer, gutes Essen, Spazierg\u00e4nge und die W\u00e4rme von Freunden&#8230; Das ist Ihr Urlaub<\/p>\n","protected":false},"excerpt":{"rendered":"<p>Wir sind Sonia, Riccardo, Matteo und Sara Von Anfang an werden Sie lernen, uns beim Namen zu nennen, denn im Hotel Trieste in Cesenatico werden Sie in erster Linie von einer Familie verw\u00f6hnt. In jedem Moment des Tages werden Sie das aufrichtige L\u00e4cheln derer sehen, die diese Arbeit aus Liebe machen, und Sie werden sehen, [&hellip;]<\/p>\n","protected":false},"author":1,"featured_media":0,"parent":0,"menu_order":0,"comment_status":"closed","ping_status":"closed","template":"","meta":{"footnotes":""},"class_list":["post-2186","page","type-page","status-publish","hentry"],"acf":[],"yoast_head":"<!-- This site is optimized with the Yoast SEO plugin v21.2 - https:\/\/yoast.com\/wordpress\/plugins\/seo\/ -->\n<title>Seit \u00dcber 30 Jahren Verw\u00f6hnen Wir Unsere G\u00e4ste. - Hotel Trieste<\/title>\n<meta name=\"robots\" content=\"index, follow, max-snippet:-1, max-image-preview:large, max-video-preview:-1\" \/>\n<link rel=\"canonical\" href=\"https:\/\/www.hotel-trieste.net\/de\/\" \/>\n<meta property=\"og:locale\" content=\"de_DE\" \/>\n<meta property=\"og:type\" content=\"article\" \/>\n<meta property=\"og:title\" content=\"Seit \u00dcber 30 Jahren Verw\u00f6hnen Wir Unsere G\u00e4ste. - Hotel Trieste\" \/>\n<meta property=\"og:description\" content=\"Wir sind Sonia, Riccardo, Matteo und Sara Von Anfang an werden Sie lernen, uns beim Namen zu nennen, denn im Hotel Trieste in Cesenatico werden Sie in erster Linie von einer Familie verw\u00f6hnt. In jedem Moment des Tages werden Sie das aufrichtige L\u00e4cheln derer sehen, die diese Arbeit aus Liebe machen, und Sie werden sehen, [&hellip;]\" \/>\n<meta property=\"og:url\" content=\"https:\/\/www.hotel-trieste.net\/de\/\" \/>\n<meta property=\"og:site_name\" content=\"Hotel Trieste\" \/>\n<meta name=\"twitter:card\" content=\"summary_large_image\" \/>\n<meta name=\"twitter:label1\" content=\"Gesch\u00e4tzte Lesezeit\" \/>\n\t<meta name=\"twitter:data1\" content=\"1\u00a0Minute\" \/>\n<script type=\"application\/ld+json\" class=\"yoast-schema-graph\">{\"@context\":\"https:\/\/schema.org\",\"@graph\":[{\"@type\":\"WebPage\",\"@id\":\"https:\/\/www.hotel-trieste.net\/de\/\",\"url\":\"https:\/\/www.hotel-trieste.net\/de\/\",\"name\":\"Seit \u00dcber 30 Jahren Verw\u00f6hnen Wir Unsere G\u00e4ste. - Hotel Trieste\",\"isPartOf\":{\"@id\":\"https:\/\/www.hotel-trieste.net\/de\/#website\"},\"datePublished\":\"2022-02-28T11:22:52+00:00\",\"dateModified\":\"2022-02-28T11:22:52+00:00\",\"breadcrumb\":{\"@id\":\"https:\/\/www.hotel-trieste.net\/de\/#breadcrumb\"},\"inLanguage\":\"de\",\"potentialAction\":[{\"@type\":\"ReadAction\",\"target\":[\"https:\/\/www.hotel-trieste.net\/de\/\"]}]},{\"@type\":\"BreadcrumbList\",\"@id\":\"https:\/\/www.hotel-trieste.net\/de\/#breadcrumb\",\"itemListElement\":[{\"@type\":\"ListItem\",\"position\":1,\"name\":\"Home\",\"item\":\"https:\/\/www.hotel-trieste.net\/de\/\"},{\"@type\":\"ListItem\",\"position\":2,\"name\":\"Seit \u00dcber 30 Jahren Verw\u00f6hnen Wir Unsere G\u00e4ste.\"}]},{\"@type\":\"WebSite\",\"@id\":\"https:\/\/www.hotel-trieste.net\/de\/#website\",\"url\":\"https:\/\/www.hotel-trieste.net\/de\/\",\"name\":\"Hotel Trieste\",\"description\":\"Family Hotel a Cesenatico\",\"publisher\":{\"@id\":\"https:\/\/www.hotel-trieste.net\/de\/#organization\"},\"potentialAction\":[{\"@type\":\"SearchAction\",\"target\":{\"@type\":\"EntryPoint\",\"urlTemplate\":\"https:\/\/www.hotel-trieste.net\/de\/?s={search_term_string}\"},\"query-input\":\"required name=search_term_string\"}],\"inLanguage\":\"de\"},{\"@type\":\"Organization\",\"@id\":\"https:\/\/www.hotel-trieste.net\/de\/#organization\",\"name\":\"Hotel Trieste\",\"url\":\"https:\/\/www.hotel-trieste.net\/de\/\",\"logo\":{\"@type\":\"ImageObject\",\"inLanguage\":\"de\",\"@id\":\"https:\/\/www.hotel-trieste.net\/de\/#\/schema\/logo\/image\/\",\"url\":\"https:\/\/www.hotel-trieste.net\/wp-content\/uploads\/logo-trieste.png\",\"contentUrl\":\"https:\/\/www.hotel-trieste.net\/wp-content\/uploads\/logo-trieste.png\",\"width\":900,\"height\":551,\"caption\":\"Hotel Trieste\"},\"image\":{\"@id\":\"https:\/\/www.hotel-trieste.net\/de\/#\/schema\/logo\/image\/\"}}]}<\/script>\n<!-- \/ Yoast SEO plugin. -->","yoast_head_json":{"title":"Seit \u00dcber 30 Jahren Verw\u00f6hnen Wir Unsere G\u00e4ste. - Hotel Trieste","robots":{"index":"index","follow":"follow","max-snippet":"max-snippet:-1","max-image-preview":"max-image-preview:large","max-video-preview":"max-video-preview:-1"},"canonical":"https:\/\/www.hotel-trieste.net\/de\/","og_locale":"de_DE","og_type":"article","og_title":"Seit \u00dcber 30 Jahren Verw\u00f6hnen Wir Unsere G\u00e4ste. - Hotel Trieste","og_description":"Wir sind Sonia, Riccardo, Matteo und Sara Von Anfang an werden Sie lernen, uns beim Namen zu nennen, denn im Hotel Trieste in Cesenatico werden Sie in erster Linie von einer Familie verw\u00f6hnt. In jedem Moment des Tages werden Sie das aufrichtige L\u00e4cheln derer sehen, die diese Arbeit aus Liebe machen, und Sie werden sehen, [&hellip;]","og_url":"https:\/\/www.hotel-trieste.net\/de\/","og_site_name":"Hotel Trieste","twitter_card":"summary_large_image","twitter_misc":{"Gesch\u00e4tzte Lesezeit":"1\u00a0Minute"},"schema":{"@context":"https:\/\/schema.org","@graph":[{"@type":"WebPage","@id":"https:\/\/www.hotel-trieste.net\/de\/","url":"https:\/\/www.hotel-trieste.net\/de\/","name":"Seit \u00dcber 30 Jahren Verw\u00f6hnen Wir Unsere G\u00e4ste. - Hotel Trieste","isPartOf":{"@id":"https:\/\/www.hotel-trieste.net\/de\/#website"},"datePublished":"2022-02-28T11:22:52+00:00","dateModified":"2022-02-28T11:22:52+00:00","breadcrumb":{"@id":"https:\/\/www.hotel-trieste.net\/de\/#breadcrumb"},"inLanguage":"de","potentialAction":[{"@type":"ReadAction","target":["https:\/\/www.hotel-trieste.net\/de\/"]}]},{"@type":"BreadcrumbList","@id":"https:\/\/www.hotel-trieste.net\/de\/#breadcrumb","itemListElement":[{"@type":"ListItem","position":1,"name":"Home","item":"https:\/\/www.hotel-trieste.net\/de\/"},{"@type":"ListItem","position":2,"name":"Seit \u00dcber 30 Jahren Verw\u00f6hnen Wir Unsere G\u00e4ste."}]},{"@type":"WebSite","@id":"https:\/\/www.hotel-trieste.net\/de\/#website","url":"https:\/\/www.hotel-trieste.net\/de\/","name":"Hotel Trieste","description":"Family Hotel a Cesenatico","publisher":{"@id":"https:\/\/www.hotel-trieste.net\/de\/#organization"},"potentialAction":[{"@type":"SearchAction","target":{"@type":"EntryPoint","urlTemplate":"https:\/\/www.hotel-trieste.net\/de\/?s={search_term_string}"},"query-input":"required name=search_term_string"}],"inLanguage":"de"},{"@type":"Organization","@id":"https:\/\/www.hotel-trieste.net\/de\/#organization","name":"Hotel Trieste","url":"https:\/\/www.hotel-trieste.net\/de\/","logo":{"@type":"ImageObject","inLanguage":"de","@id":"https:\/\/www.hotel-trieste.net\/de\/#\/schema\/logo\/image\/","url":"https:\/\/www.hotel-trieste.net\/wp-content\/uploads\/logo-trieste.png","contentUrl":"https:\/\/www.hotel-trieste.net\/wp-content\/uploads\/logo-trieste.png","width":900,"height":551,"caption":"Hotel Trieste"},"image":{"@id":"https:\/\/www.hotel-trieste.net\/de\/#\/schema\/logo\/image\/"}}]}},"_links":{"self":[{"href":"https:\/\/www.hotel-trieste.net\/de\/wp-json\/wp\/v2\/pages\/2186","targetHints":{"allow":["GET"]}}],"collection":[{"href":"https:\/\/www.hotel-trieste.net\/de\/wp-json\/wp\/v2\/pages"}],"about":[{"href":"https:\/\/www.hotel-trieste.net\/de\/wp-json\/wp\/v2\/types\/page"}],"author":[{"embeddable":true,"href":"https:\/\/www.hotel-trieste.net\/de\/wp-json\/wp\/v2\/users\/1"}],"replies":[{"embeddable":true,"href":"https:\/\/www.hotel-trieste.net\/de\/wp-json\/wp\/v2\/comments?post=2186"}],"version-history":[{"count":2,"href":"https:\/\/www.hotel-trieste.net\/de\/wp-json\/wp\/v2\/pages\/2186\/revisions"}],"predecessor-version":[{"id":2188,"href":"https:\/\/www.hotel-trieste.net\/de\/wp-json\/wp\/v2\/pages\/2186\/revisions\/2188"}],"wp:attachment":[{"href":"https:\/\/www.hotel-trieste.net\/de\/wp-json\/wp\/v2\/media?parent=2186"}],"curies":[{"name":"wp","href":"https:\/\/api.w.org\/{rel}","templated":true}]}}